{"id":364,"date":"2021-02-17T00:01:42","date_gmt":"2021-02-16T23:01:42","guid":{"rendered":"https:\/\/radioinorr.se\/?page_id=364"},"modified":"2021-02-17T22:17:00","modified_gmt":"2021-02-17T21:17:00","slug":"svxlogic","status":"publish","type":"page","link":"https:\/\/radioinorr.se\/?page_id=364","title":{"rendered":"SvxLogic"},"content":{"rendered":"\n<p><a href=\"https:\/\/radioinorr.se\/?page_id=377\">  Logik kort V 3.0  <\/a><\/p>\n\n\n\n<figure class=\"wp-block-image is-resized\"><a href=\"https:\/\/radioinorr.se\/?page_id=377\"><img loading=\"lazy\" decoding=\"async\" src=\"https:\/\/radioinorr.se\/wp-content\/uploads\/2021\/02\/photo_2021-02-17_00-10-29-1024x1024.jpg\" alt=\"\" class=\"wp-image-375\" width=\"433\" height=\"433\" srcset=\"https:\/\/radioinorr.se\/wp-content\/uploads\/2021\/02\/photo_2021-02-17_00-10-29-1024x1024.jpg 1024w, https:\/\/radioinorr.se\/wp-content\/uploads\/2021\/02\/photo_2021-02-17_00-10-29-150x150.jpg 150w, https:\/\/radioinorr.se\/wp-content\/uploads\/2021\/02\/photo_2021-02-17_00-10-29-300x300.jpg 300w, https:\/\/radioinorr.se\/wp-content\/uploads\/2021\/02\/photo_2021-02-17_00-10-29-768x768.jpg 768w, https:\/\/radioinorr.se\/wp-content\/uploads\/2021\/02\/photo_2021-02-17_00-10-29.jpg 1280w\" sizes=\"auto, (max-width: 433px) 100vw, 433px\" \/><\/a><figcaption>  Logikort  3.0 <\/figcaption><\/figure>\n\n\n\n<ul class=\"wp-block-list\"><li> Optoisolation mellan  gpio \/radio<\/li><li>Ljudkort p\u00e5 logikort<\/li><li>Filtering av inkommande DC<\/li><li>5v gpio 16 kanaler <\/li><li>4 kanalig adc 16 bit f\u00f6r rssi mm<\/li><li>5V I2C<\/li><li>5v One wire f\u00f6r temperatur mm<\/li><li>Ljudniv\u00e5 justering via potentiometer <\/li><\/ul>\n\n\n\n<p><\/p>\n\n\n\n<p><\/p>\n\n\n\n<p><a href=\"https:\/\/radioinorr.se\/wp-content\/uploads\/2016\/06\/svxlink-card.pdf\"> Logik kort V 2.0 <\/a><\/p>\n\n\n\n<figure class=\"wp-block-image is-resized\"><a href=\"https:\/\/radioinorr.se\/wp-content\/uploads\/2016\/06\/svxlink-card.pdf\"><img loading=\"lazy\" decoding=\"async\" src=\"https:\/\/radioinorr.se\/wp-content\/uploads\/2016\/07\/20160630_183643-1024x576.jpg\" alt=\"\" class=\"wp-image-252\" width=\"444\" height=\"249\" srcset=\"https:\/\/radioinorr.se\/wp-content\/uploads\/2016\/07\/20160630_183643-1024x576.jpg 1024w, https:\/\/radioinorr.se\/wp-content\/uploads\/2016\/07\/20160630_183643-300x168.jpg 300w, https:\/\/radioinorr.se\/wp-content\/uploads\/2016\/07\/20160630_183643.jpg 1280w\" sizes=\"auto, (max-width: 444px) 100vw, 444px\" \/><\/a><figcaption> Logikort  2.0<\/figcaption><\/figure>\n\n\n<p><!--StartFragment--><\/p>\n\n\n<p>Funktioner <\/p>\n\n\n\n<ul class=\"wp-block-list\"><li>Galvanisk konvertering av signaler mellan gpio och radio <\/li><li>Ljud via externt ljudkort <\/li><li>Snabbanslutning f\u00f6r 3 in \/ 3 ut opto kanaler,<\/li><li>N\u00e4tdel p\u00e5 kort f\u00f6r f\u00f6rs\u00f6rning av radio <\/li><\/ul>\n\n\n<p><!--EndFragment--><\/p>\n\n\n<p>Logik kort V 1.0<\/p>\n\n\n\n<figure class=\"wp-block-image is-resized\"><img loading=\"lazy\" decoding=\"async\" src=\"https:\/\/radioinorr.se\/wp-content\/uploads\/2016\/03\/20160321_191301-1024x576.jpg\" alt=\"\" class=\"wp-image-202\" width=\"459\" height=\"258\" srcset=\"https:\/\/radioinorr.se\/wp-content\/uploads\/2016\/03\/20160321_191301-1024x576.jpg 1024w, https:\/\/radioinorr.se\/wp-content\/uploads\/2016\/03\/20160321_191301-300x168.jpg 300w, https:\/\/radioinorr.se\/wp-content\/uploads\/2016\/03\/20160321_191301.jpg 1280w\" sizes=\"auto, (max-width: 459px) 100vw, 459px\" \/><figcaption>Logikort <\/figcaption><\/figure>\n\n\n\n<p>Funktioner <\/p>\n\n\n\n<ul class=\"wp-block-list\"><li>Galvanisk konvertering av signaler mellan gpio och radio <\/li><li>Ljud via externt ljudkort <\/li><\/ul>\n","protected":false},"excerpt":{"rendered":"<p>Logik kort V 3.0 Optoisolation mellan gpio \/radio Ljudkort p\u00e5 logikort Filtering av inkommande DC 5v gpio 16 kanaler 4&hellip;<\/p>\n","protected":false},"author":1,"featured_media":0,"parent":0,"menu_order":0,"comment_status":"closed","ping_status":"closed","template":"","meta":{"footnotes":""},"class_list":["post-364","page","type-page","status-publish","hentry"],"_links":{"self":[{"href":"https:\/\/radioinorr.se\/index.php?rest_route=\/wp\/v2\/pages\/364","targetHints":{"allow":["GET"]}}],"collection":[{"href":"https:\/\/radioinorr.se\/index.php?rest_route=\/wp\/v2\/pages"}],"about":[{"href":"https:\/\/radioinorr.se\/index.php?rest_route=\/wp\/v2\/types\/page"}],"author":[{"embeddable":true,"href":"https:\/\/radioinorr.se\/index.php?rest_route=\/wp\/v2\/users\/1"}],"replies":[{"embeddable":true,"href":"https:\/\/radioinorr.se\/index.php?rest_route=%2Fwp%2Fv2%2Fcomments&post=364"}],"version-history":[{"count":10,"href":"https:\/\/radioinorr.se\/index.php?rest_route=\/wp\/v2\/pages\/364\/revisions"}],"predecessor-version":[{"id":420,"href":"https:\/\/radioinorr.se\/index.php?rest_route=\/wp\/v2\/pages\/364\/revisions\/420"}],"wp:attachment":[{"href":"https:\/\/radioinorr.se\/index.php?rest_route=%2Fwp%2Fv2%2Fmedia&parent=364"}],"curies":[{"name":"wp","href":"https:\/\/api.w.org\/{rel}","templated":true}]}}