{"id":377,"date":"2021-02-17T21:07:39","date_gmt":"2021-02-17T20:07:39","guid":{"rendered":"https:\/\/radioinorr.se\/?page_id=377"},"modified":"2025-11-05T22:02:09","modified_gmt":"2025-11-05T21:02:09","slug":"svxlogic-3-0","status":"publish","type":"page","link":"https:\/\/radioinorr.se\/?page_id=377","title":{"rendered":"SvxLogic 3.0 \/ 3.1"},"content":{"rendered":"\n<figure class=\"wp-block-image\"><img loading=\"lazy\" decoding=\"async\" width=\"804\" height=\"496\" src=\"https:\/\/radioinorr.se\/wp-content\/uploads\/2021\/02\/kortkort.jpg\" alt=\"\" class=\"wp-image-385\" srcset=\"https:\/\/radioinorr.se\/wp-content\/uploads\/2021\/02\/kortkort.jpg 804w, https:\/\/radioinorr.se\/wp-content\/uploads\/2021\/02\/kortkort-300x185.jpg 300w, https:\/\/radioinorr.se\/wp-content\/uploads\/2021\/02\/kortkort-768x474.jpg 768w\" sizes=\"auto, (max-width: 804px) 100vw, 804px\" \/><\/figure>\n\n\n\n<h2 class=\"wp-block-heading\">Funktioner <\/h2>\n\n\n\n<ul class=\"wp-block-list\">\n<li><strong>Yellow <\/strong>16 port GPIO expander<\/li>\n\n\n\n<li><strong>White <\/strong>remote reset relay<\/li>\n\n\n\n<li><strong>Orange <\/strong>4 X ADC<\/li>\n\n\n\n<li><strong>Green <\/strong>I2c , frontpanen , onwire ports<\/li>\n\n\n\n<li><strong>Purple <\/strong>Radio ports<\/li>\n\n\n\n<li><strong>Light blue<\/strong> 12- 24 volt in<\/li>\n<\/ul>\n\n\n\n<h3 class=\"wp-block-heading\">RJ45 Radio port <\/h3>\n\n\n\n<hr class=\"wp-block-separator has-css-opacity\"\/>\n\n\n\n<div class=\"wp-block-group is-layout-grid wp-container-core-group-is-layout-baef362d wp-block-group-is-layout-grid\">\n<figure class=\"wp-block-image\"><img loading=\"lazy\" decoding=\"async\" width=\"800\" height=\"800\" src=\"https:\/\/radioinorr.se\/wp-content\/uploads\/2021\/02\/RJ45-Pinout-T568B1.jpg\" alt=\"\" class=\"wp-image-381\" srcset=\"https:\/\/radioinorr.se\/wp-content\/uploads\/2021\/02\/RJ45-Pinout-T568B1.jpg 800w, https:\/\/radioinorr.se\/wp-content\/uploads\/2021\/02\/RJ45-Pinout-T568B1-150x150.jpg 150w, https:\/\/radioinorr.se\/wp-content\/uploads\/2021\/02\/RJ45-Pinout-T568B1-300x300.jpg 300w, https:\/\/radioinorr.se\/wp-content\/uploads\/2021\/02\/RJ45-Pinout-T568B1-768x768.jpg 768w\" sizes=\"auto, (max-width: 800px) 100vw, 800px\" \/><\/figure>\n\n\n\n<figure class=\"wp-block-table\"><br \/><br \/><br \/><br \/><br \/><br \/><br \/><table><tbody><tr><td>1<\/td><td>PTT &#8221;Active low&#8221;<\/td><\/tr><tr><td>2<\/td><td>COR in max 15v<\/td><\/tr><tr><td>3<\/td><td>5v<\/td><\/tr><tr><td>4<\/td><td> COR DIFF &#8211; <\/td><\/tr><tr><td>5<\/td><td>  COR DIFF +  jumper P7to pull high<\/td><\/tr><tr><td>6<\/td><td>Audio IN<\/td><\/tr><tr><td>7<\/td><td>Audio OUT<\/td><\/tr><tr><td>8<\/td><td>GND<\/td><\/tr><\/tbody><\/table><\/figure>\n<\/div>\n\n\n\n\n\n<h3 class=\"wp-block-heading\">5v GPIO<\/h3>\n\n\n\n<hr class=\"wp-block-separator has-css-opacity\"\/>\n\n\n\n<figure class=\"wp-block-image\"><img loading=\"lazy\" decoding=\"async\" width=\"806\" height=\"537\" src=\"https:\/\/radioinorr.se\/wp-content\/uploads\/2021\/02\/bild-1.png\" alt=\"\" class=\"wp-image-388\" srcset=\"https:\/\/radioinorr.se\/wp-content\/uploads\/2021\/02\/bild-1.png 806w, https:\/\/radioinorr.se\/wp-content\/uploads\/2021\/02\/bild-1-300x200.png 300w, https:\/\/radioinorr.se\/wp-content\/uploads\/2021\/02\/bild-1-768x512.png 768w\" sizes=\"auto, (max-width: 806px) 100vw, 806px\" \/><\/figure>\n\n\n\n<p>GPIO 1 &#8211; 3 \u00e4r delad med mtr2000 larm pinnar. I fall du inte anv\u00e4nder en mtr 2000 kan alla gpio pinnar anv\u00e4ndas genom ett python scitp alternativt ett tcl fr\u00e5n svxlink f\u00f6r att styra olika externa signaler.<\/p>\n\n\n\n<h3 class=\"wp-block-heading\"> ADC 16 bit <\/h3>\n\n\n\n<hr class=\"wp-block-separator has-css-opacity\"\/>\n\n\n\n<figure class=\"wp-block-image\"><img loading=\"lazy\" decoding=\"async\" width=\"419\" height=\"644\" src=\"https:\/\/radioinorr.se\/wp-content\/uploads\/2021\/02\/bild-2.png\" alt=\"\" class=\"wp-image-390\" srcset=\"https:\/\/radioinorr.se\/wp-content\/uploads\/2021\/02\/bild-2.png 419w, https:\/\/radioinorr.se\/wp-content\/uploads\/2021\/02\/bild-2-195x300.png 195w\" sizes=\"auto, (max-width: 419px) 100vw, 419px\" \/><\/figure>\n\n\n\n<p>ADC Pinout 1-4 kanal 1 anv\u00e4nds f\u00f6r RSSI p\u00e5 mtr 2000 stationer samt stationer som anv\u00e4nder bakkontakten.<\/p>\n\n\n\n<h3 class=\"wp-block-heading\">Externa anslutningar<\/h3>\n\n\n\n<hr class=\"wp-block-separator has-css-opacity\"\/>\n\n\n\n<div class=\"wp-block-group is-layout-grid wp-container-core-group-is-layout-baef362d wp-block-group-is-layout-grid\">\n<figure class=\"wp-block-image\"><img loading=\"lazy\" decoding=\"async\" width=\"593\" height=\"146\" src=\"https:\/\/radioinorr.se\/wp-content\/uploads\/2021\/02\/bild-3.png\" alt=\"\" class=\"wp-image-396\" srcset=\"https:\/\/radioinorr.se\/wp-content\/uploads\/2021\/02\/bild-3.png 593w, https:\/\/radioinorr.se\/wp-content\/uploads\/2021\/02\/bild-3-300x74.png 300w\" sizes=\"auto, (max-width: 593px) 100vw, 593px\" \/><figcaption class=\"wp-element-caption\">Uart \/ I2C<\/figcaption><\/figure>\n\n\n<div class=\"wp-block-image\">\n<figure class=\"aligncenter\"><img loading=\"lazy\" decoding=\"async\" width=\"346\" height=\"337\" src=\"https:\/\/radioinorr.se\/wp-content\/uploads\/2021\/02\/bild-4.png\" alt=\"\" class=\"wp-image-397\" srcset=\"https:\/\/radioinorr.se\/wp-content\/uploads\/2021\/02\/bild-4.png 346w, https:\/\/radioinorr.se\/wp-content\/uploads\/2021\/02\/bild-4-300x292.png 300w\" sizes=\"auto, (max-width: 346px) 100vw, 346px\" \/><figcaption class=\"wp-element-caption\">Anslutning f\u00f6r externa leds i frontpanel Mac 100 mA<\/figcaption><\/figure><\/div><\/div>\n\n\n\n<p><\/p>\n\n\n\n<h3 class=\"wp-block-heading\">One Wire<\/h3>\n\n\n\n<hr class=\"wp-block-separator has-css-opacity\"\/>\n\n\n\n<figure class=\"wp-block-image\"><img loading=\"lazy\" decoding=\"async\" width=\"603\" height=\"281\" src=\"https:\/\/radioinorr.se\/wp-content\/uploads\/2021\/02\/bild-5.png\" alt=\"\" class=\"wp-image-399\" srcset=\"https:\/\/radioinorr.se\/wp-content\/uploads\/2021\/02\/bild-5.png 603w, https:\/\/radioinorr.se\/wp-content\/uploads\/2021\/02\/bild-5-300x140.png 300w\" sizes=\"auto, (max-width: 603px) 100vw, 603px\" \/><figcaption class=\"wp-element-caption\">Anslutning f\u00f6r 5v one wire sensorer , kretsen \u00e4r s\u00e4krad med 200 mA pollyfuse<\/figcaption><\/figure>\n\n\n\n<h3 class=\"wp-block-heading\">Extern Reset<\/h3>\n\n\n\n<hr class=\"wp-block-separator has-alpha-channel-opacity\"\/>\n\n\n\n<figure class=\"wp-block-image\"><img loading=\"lazy\" decoding=\"async\" width=\"498\" height=\"227\" src=\"https:\/\/radioinorr.se\/wp-content\/uploads\/2021\/02\/bild-6.png\" alt=\"\" class=\"wp-image-402\" srcset=\"https:\/\/radioinorr.se\/wp-content\/uploads\/2021\/02\/bild-6.png 498w, https:\/\/radioinorr.se\/wp-content\/uploads\/2021\/02\/bild-6-300x137.png 300w\" sizes=\"auto, (max-width: 498px) 100vw, 498px\" \/><\/figure>\n\n\n\n<p>12 V rel\u00e4 f\u00f6r extern brytning av str\u00f6m till Raspbery PI och alla kretsar p\u00e5 kortet. resten \u00e4r aktiv h\u00f6g <\/p>\n\n\n\n<hr class=\"wp-block-separator has-css-opacity is-style-default\"\/>\n\n\n\n<div class=\"wp-block-group is-layout-grid wp-container-core-group-is-layout-baef362d wp-block-group-is-layout-grid\">\n<div class=\"wp-block-cover\"><img loading=\"lazy\" decoding=\"async\" width=\"1024\" height=\"768\" class=\"wp-block-cover__image-background wp-image-431\" alt=\"\" src=\"https:\/\/radioinorr.se\/wp-content\/uploads\/2021\/03\/photo_2021-03-06_01-56-16-1-1024x768.jpg\" data-object-fit=\"cover\" srcset=\"https:\/\/radioinorr.se\/wp-content\/uploads\/2021\/03\/photo_2021-03-06_01-56-16-1.jpg 1024w, https:\/\/radioinorr.se\/wp-content\/uploads\/2021\/03\/photo_2021-03-06_01-56-16-1-300x225.jpg 300w, https:\/\/radioinorr.se\/wp-content\/uploads\/2021\/03\/photo_2021-03-06_01-56-16-1-768x576.jpg 768w, https:\/\/radioinorr.se\/wp-content\/uploads\/2021\/03\/photo_2021-03-06_01-56-16-1-160x120.jpg 160w\" sizes=\"auto, (max-width: 1024px) 100vw, 1024px\" \/><span aria-hidden=\"true\" class=\"wp-block-cover__background has-background-dim\"><\/span><div class=\"wp-block-cover__inner-container is-layout-flow wp-block-cover-is-layout-flow\">\n<p class=\"has-text-align-center has-large-font-size\">mtr200 med logikkort monterat<\/p>\n<\/div><\/div>\n\n\n\n<div class=\"wp-block-cover\"><img loading=\"lazy\" decoding=\"async\" width=\"1024\" height=\"1024\" class=\"wp-block-cover__image-background wp-image-433\" alt=\"\" src=\"https:\/\/radioinorr.se\/wp-content\/uploads\/2021\/03\/photo_2021-03-05_23-25-28-1024x1024.jpg\" data-object-fit=\"cover\" srcset=\"https:\/\/radioinorr.se\/wp-content\/uploads\/2021\/03\/photo_2021-03-05_23-25-28-1024x1024.jpg 1024w, https:\/\/radioinorr.se\/wp-content\/uploads\/2021\/03\/photo_2021-03-05_23-25-28-150x150.jpg 150w, https:\/\/radioinorr.se\/wp-content\/uploads\/2021\/03\/photo_2021-03-05_23-25-28-300x300.jpg 300w, https:\/\/radioinorr.se\/wp-content\/uploads\/2021\/03\/photo_2021-03-05_23-25-28-768x768.jpg 768w, https:\/\/radioinorr.se\/wp-content\/uploads\/2021\/03\/photo_2021-03-05_23-25-28.jpg 1280w\" sizes=\"auto, (max-width: 1024px) 100vw, 1024px\" \/><span aria-hidden=\"true\" class=\"wp-block-cover__background has-background-dim\"><\/span><div class=\"wp-block-cover__inner-container is-layout-flow wp-block-cover-is-layout-flow\">\n<p class=\"has-text-align-center has-large-font-size\">Eriksson f800 med logikkort<\/p>\n<\/div><\/div>\n<\/div>\n\n\n\n<p><\/p>\n\n\n\n<h2 class=\"wp-block-heading\">Pi config<\/h2>\n\n\n\n<p>F\u00f6r att aktivera kernel-drivrutinen f\u00f6r kortets inbyggda enheter<br> genom att editera\/l\u00e4gga till<\/p>\n\n\n\n<p>f\u00f6ljande rader i \/boot\/config.txt .<\/p>\n\n\n\n<p>I Nyare releaser a Raspbian finns filen i<\/p>\n\n\n\n<pre class=\"wp-block-preformatted\">nano \/boot\/broadcom\/config.txt<\/pre>\n\n\n\n<p>dtparam=i2c_arm=on<br> dtparam=i2s=on<br> dtparam=spi=on<br> dtparam=audio=on<br> dtoverlay=audioinjector-wm8731-audio<br> dtoverlay=w1-gpio<\/p>\n\n\n\n<p><\/p>\n\n\n\n<p class=\"has-medium-font-size\"><strong>Inst\u00e4llningar  GPIOD<\/strong><\/p>\n\n\n\n<p>F\u00f6ljande portinst\u00e4llningar i<strong> \/etc\/svxlink\/svxlink.conf<\/strong><\/p>\n\n\n\n<div class=\"wp-block-group is-layout-grid wp-container-core-group-is-layout-baef362d wp-block-group-is-layout-grid\">\n<pre class=\"wp-block-preformatted wp-container-content-5e2576f9\"><strong>Radio PORT 1<\/strong><br>[SQL1_RX_Radio1]<br>SQL_DET=GPIOD<br>SQL_GPIOD_CHIP=gpiochip0<br>SQL_CHIPD_LINE=17<br>#SQL_GPIOD_BIAS = PULLUP<br><br># Diff Opto<br>[SQL2_RX_Radio1]<br>SQL_DET=GPIOD<br>SQL_GPIOD_CHIP=gpiochip0<br>SQL_CHIPD_LINE=27<br>#SQL_GPIOD_BIAS = PULLUP<br><br>[PTT_TX_Radio1]<br>SQL_DET=GPIOD<br>SQL_GPIOD_CHIP=gpiochip0<br>SQL_CHIPD_LINE=24<br>#SQL_GPIOD_BIAS = PULLUP<\/pre>\n\n\n\n<pre class=\"wp-block-preformatted\">\n<strong>Radio PORT 2<\/strong>\n[SQL1_RX_Radio2]\nSQL_DET=GPIOD\nSQL_GPIOD_CHIP=gpiochip0\nSQL_CHIPD_LINE=27\n#SQL_GPIOD_BIAS = PULLUP\n\n# Diff Opto\n[SQL2_RX_Radio2]\nSQL_DET=GPIOD\nSQL_GPIOD_CHIP=gpiochip0\nSQL_CHIPD_LINE=22\n#SQL_GPIOD_BIAS = PULLUP\n\n[PTT_TX_Radio2]\nSQL_DET=GPIOD\nSQL_GPIOD_CHIP=gpiochip0\nSQL_CHIPD_LINE=23\n#SQL_GPIOD_BIAS = PULLUP\n<\/pre>\n<\/div>\n\n\n\n<p><strong>Exempel config<\/strong><\/p>\n\n\n\n<p><a href=\"https:\/\/radioinorr.se\/?page_id=1248\">L\u00e4nk<\/a><\/p>\n\n\n\n<p><\/p>\n\n\n\n<p><\/p>\n\n\n\n<p><strong>F\u00f6r system om inte anv\u00e4nder GPIOD s\u00e5 s\u00e4tter man in dessa parameterar i \/etc\/svxlink\/gpio.conf<\/strong><\/p>\n\n\n<pre>GPIO_IN_HIGH=\"gpio17 gpio27 gpio22\"<br \/>GPIO_OUT_HIGH=\"gpio24 gpio23 gpio16\"<\/pre>\n\n\n<p class=\"has-medium-font-size\"><strong>Extra 5v GPIO pinnar som finns p\u00e5 expandern <\/strong><\/p>\n\n\n\n<hr class=\"wp-block-separator has-css-opacity\"\/>\n\n\n\n<figure class=\"wp-block-image\"><img loading=\"lazy\" decoding=\"async\" width=\"806\" height=\"537\" src=\"https:\/\/radioinorr.se\/wp-content\/uploads\/2021\/02\/bild-1.png\" alt=\"\" class=\"wp-image-388\" srcset=\"https:\/\/radioinorr.se\/wp-content\/uploads\/2021\/02\/bild-1.png 806w, https:\/\/radioinorr.se\/wp-content\/uploads\/2021\/02\/bild-1-300x200.png 300w, https:\/\/radioinorr.se\/wp-content\/uploads\/2021\/02\/bild-1-768x512.png 768w\" sizes=\"auto, (max-width: 806px) 100vw, 806px\" \/><\/figure>\n\n\n\n<p> S\u00e5 kan man s\u00e4tta in f\u00f6ljande i <strong>config.txt<\/strong><\/p>\n\n\n\n<pre class=\"wp-block-preformatted\">dtoverlay=mcp23017<\/pre>\n\n\n\n<p>Vilket resulterar i att man f\u00e5r ett Gpiochip som heter gpiochip2.<\/p>\n\n\n\n<p>Notera att omstart av systemet kr\u00e4vs f\u00f6r att det ska fungera..<\/p>\n\n\n\n<p>Dessa gpio pinnar dyker upp i GPIOD och man kan se dem med <strong>gpioinfo<\/strong><\/p>\n\n\n\n<p>notera att pin <strong> 1 = GPIO 0<\/strong> i GPIOD <\/p>\n\n\n\n<pre class=\"wp-block-preformatted\">gpiochip2 - 16 lines:\n&nbsp;&nbsp;&nbsp;&nbsp;&nbsp;&nbsp;&nbsp; line&nbsp;&nbsp; 0:&nbsp;&nbsp;&nbsp;&nbsp;&nbsp; unnamed&nbsp;&nbsp;&nbsp;&nbsp;&nbsp;&nbsp; unused&nbsp;&nbsp; input&nbsp; active-high\n&nbsp;&nbsp;&nbsp;&nbsp;&nbsp;&nbsp;&nbsp; line&nbsp;&nbsp; 1:&nbsp;&nbsp;&nbsp;&nbsp;&nbsp; unnamed&nbsp;&nbsp;&nbsp;&nbsp;&nbsp;&nbsp; unused&nbsp;&nbsp; input&nbsp; active-high\n&nbsp;&nbsp;&nbsp;&nbsp;&nbsp;&nbsp;&nbsp; line&nbsp;&nbsp; 2:&nbsp;&nbsp;&nbsp;&nbsp;&nbsp; unnamed&nbsp;&nbsp;&nbsp;&nbsp;&nbsp;&nbsp; unused&nbsp;&nbsp; input&nbsp; active-high\n&nbsp;&nbsp;&nbsp;&nbsp;&nbsp;&nbsp;&nbsp; line&nbsp;&nbsp; 3:&nbsp;&nbsp;&nbsp;&nbsp;&nbsp; unnamed&nbsp;&nbsp;&nbsp;&nbsp;&nbsp;&nbsp; unused&nbsp;&nbsp; input&nbsp; active-high\n&nbsp;&nbsp;&nbsp;&nbsp;&nbsp;&nbsp;&nbsp; line&nbsp;&nbsp; 4:&nbsp;&nbsp;&nbsp;&nbsp;&nbsp; unnamed&nbsp;&nbsp;&nbsp;&nbsp;&nbsp;&nbsp; unused&nbsp;&nbsp; input&nbsp; active-high\n&nbsp;&nbsp;&nbsp;&nbsp;&nbsp;&nbsp;&nbsp; line&nbsp;&nbsp; 5:&nbsp;&nbsp;&nbsp;&nbsp;&nbsp; unnamed&nbsp;&nbsp;&nbsp;&nbsp;&nbsp;&nbsp; unused&nbsp;&nbsp; input&nbsp; active-high\n&nbsp;&nbsp;&nbsp;&nbsp;&nbsp;&nbsp;&nbsp; line&nbsp;&nbsp; 6:&nbsp;&nbsp;&nbsp;&nbsp;&nbsp; unnamed&nbsp;&nbsp;&nbsp;&nbsp;&nbsp;&nbsp; unused&nbsp;&nbsp; input&nbsp; active-high\n&nbsp;&nbsp;&nbsp;&nbsp;&nbsp;&nbsp;&nbsp; line&nbsp;&nbsp; 7:&nbsp;&nbsp;&nbsp;&nbsp;&nbsp; unnamed&nbsp;&nbsp;&nbsp;&nbsp;&nbsp;&nbsp; unused&nbsp;&nbsp; input&nbsp; active-high\n&nbsp;&nbsp;&nbsp;&nbsp;&nbsp;&nbsp;&nbsp; line&nbsp;&nbsp; 8:&nbsp;&nbsp;&nbsp;&nbsp;&nbsp; unnamed&nbsp;&nbsp;&nbsp;&nbsp;&nbsp;&nbsp; unused&nbsp;&nbsp; input&nbsp; active-high\n&nbsp;&nbsp;&nbsp;&nbsp;&nbsp;&nbsp;&nbsp; line&nbsp;&nbsp; 9:&nbsp;&nbsp;&nbsp;&nbsp;&nbsp; unnamed&nbsp;&nbsp;&nbsp;&nbsp;&nbsp;&nbsp; unused&nbsp;&nbsp; input&nbsp; active-high\n&nbsp;&nbsp;&nbsp;&nbsp;&nbsp;&nbsp;&nbsp; line&nbsp; 10:&nbsp;&nbsp;&nbsp;&nbsp;&nbsp; unnamed&nbsp;&nbsp;&nbsp;&nbsp;&nbsp;&nbsp; unused&nbsp;&nbsp; input&nbsp; active-high\n&nbsp;&nbsp;&nbsp;&nbsp;&nbsp;&nbsp;&nbsp; line&nbsp; 11:&nbsp;&nbsp;&nbsp;&nbsp;&nbsp; unnamed&nbsp;&nbsp;&nbsp;&nbsp;&nbsp;&nbsp; unused&nbsp;&nbsp; input&nbsp; active-high\n&nbsp;&nbsp;&nbsp;&nbsp;&nbsp;&nbsp;&nbsp; line&nbsp; 12:&nbsp;&nbsp;&nbsp;&nbsp;&nbsp; unnamed&nbsp;&nbsp;&nbsp;&nbsp;&nbsp;&nbsp; unused&nbsp;&nbsp; input&nbsp; active-high\n&nbsp;&nbsp;&nbsp;&nbsp;&nbsp;&nbsp;&nbsp; line&nbsp; 13:&nbsp;&nbsp;&nbsp;&nbsp;&nbsp; unnamed&nbsp;&nbsp;&nbsp;&nbsp;&nbsp;&nbsp; unused&nbsp;&nbsp; input&nbsp; active-high\n&nbsp;&nbsp;&nbsp;&nbsp;&nbsp;&nbsp;&nbsp; line&nbsp; 14:&nbsp;&nbsp;&nbsp;&nbsp;&nbsp; unnamed&nbsp;&nbsp;&nbsp;&nbsp;&nbsp;&nbsp; unused&nbsp;&nbsp; input&nbsp; active-high\n&nbsp;&nbsp;&nbsp;&nbsp;&nbsp;&nbsp;&nbsp; line&nbsp; 15:&nbsp;&nbsp;&nbsp;&nbsp;&nbsp; unnamed&nbsp;&nbsp;&nbsp;&nbsp;&nbsp;&nbsp; unused&nbsp;&nbsp; input&nbsp; active-high<\/pre>\n\n\n\n<p class=\"has-medium-font-size\"><strong>Om man vill anv\u00e4nda en av dessa pinnar f\u00f6r externa funktioner i Svxlink<\/strong><\/p>\n\n\n\n<p><br>[SQL_RX_Radio_extra]<br>SQL_DET=GPIOD<br>SQL_GPIOD_CHIP=gpiochip2<br>SQL_CHIPD_LINE=0<\/p>\n\n\n\n<p>#Anv\u00e4nds n\u00e4r man har en aktiv l\u00e5g signal <br>#SQL_GPIOD_BIAS = PULLUP<br><br>[SQL_RX_Radio_extra]<br>SQL_DET=GPIOD<br>SQL_GPIOD_CHIP=gpiochip0<br>SQL_CHIPD_LINE=1<\/p>\n\n\n\n<p>#Anv\u00e4nds n\u00e4r man har en aktiv l\u00e5g signal <br>#SQL_GPIOD_BIAS = PULLUP<\/p>\n\n\n\n<p><\/p>\n\n\n\n<h2 class=\"wp-block-heading\">Anslutnings adaptrar \/ Moduler<\/h2>\n\n\n\n<hr class=\"wp-block-separator has-alpha-channel-opacity\"\/>\n\n\n\n<div class=\"wp-block-group is-layout-grid wp-container-core-group-is-layout-baef362d wp-block-group-is-layout-grid\">\n<figure class=\"wp-block-image size-medium wp-container-content-5e2576f9\"><a href=\"https:\/\/radioinorr.se\/wp-content\/uploads\/2024\/11\/bild-3.png\"><img loading=\"lazy\" decoding=\"async\" width=\"827\" height=\"619\" src=\"https:\/\/radioinorr.se\/wp-content\/uploads\/2024\/11\/bild-3-edited.png\" alt=\"\" class=\"wp-image-565\" srcset=\"https:\/\/radioinorr.se\/wp-content\/uploads\/2024\/11\/bild-3-edited.png 827w, https:\/\/radioinorr.se\/wp-content\/uploads\/2024\/11\/bild-3-edited-300x225.png 300w, https:\/\/radioinorr.se\/wp-content\/uploads\/2024\/11\/bild-3-edited-768x575.png 768w, https:\/\/radioinorr.se\/wp-content\/uploads\/2024\/11\/bild-3-edited-160x120.png 160w\" sizes=\"auto, (max-width: 827px) 100vw, 827px\" \/><\/a><figcaption class=\"wp-element-caption\">Anslutningsadapter f\u00f6r Motorola GM3XX serien till Logikkort <\/figcaption><\/figure>\n\n\n\n<figure class=\"wp-block-image size-large\"><a href=\"https:\/\/radioinorr.se\/wp-content\/uploads\/2024\/11\/bild-11.png\"><img loading=\"lazy\" decoding=\"async\" width=\"897\" height=\"673\" src=\"https:\/\/radioinorr.se\/wp-content\/uploads\/2024\/11\/bild-11-edited.png\" alt=\"\" class=\"wp-image-574\" srcset=\"https:\/\/radioinorr.se\/wp-content\/uploads\/2024\/11\/bild-11-edited.png 897w, https:\/\/radioinorr.se\/wp-content\/uploads\/2024\/11\/bild-11-edited-300x225.png 300w, https:\/\/radioinorr.se\/wp-content\/uploads\/2024\/11\/bild-11-edited-768x576.png 768w, https:\/\/radioinorr.se\/wp-content\/uploads\/2024\/11\/bild-11-edited-160x120.png 160w\" sizes=\"auto, (max-width: 897px) 100vw, 897px\" \/><\/a><figcaption class=\"wp-element-caption\">Anslutning av DR1X och DR2X till Logikkort<\/figcaption><\/figure>\n\n\n\n<figure class=\"wp-block-image size-full wp-container-content-5e2576f9\"><a href=\"https:\/\/radioinorr.se\/wp-content\/uploads\/2024\/11\/bild-8.png\"><img loading=\"lazy\" decoding=\"async\" width=\"943\" height=\"707\" src=\"https:\/\/radioinorr.se\/wp-content\/uploads\/2024\/11\/bild-8-edited.png\" alt=\"\" class=\"wp-image-570\" srcset=\"https:\/\/radioinorr.se\/wp-content\/uploads\/2024\/11\/bild-8-edited.png 943w, https:\/\/radioinorr.se\/wp-content\/uploads\/2024\/11\/bild-8-edited-300x225.png 300w, https:\/\/radioinorr.se\/wp-content\/uploads\/2024\/11\/bild-8-edited-768x576.png 768w, https:\/\/radioinorr.se\/wp-content\/uploads\/2024\/11\/bild-8-edited-160x120.png 160w\" sizes=\"auto, (max-width: 943px) 100vw, 943px\" \/><\/a><figcaption class=\"wp-element-caption\">Bakplansdapter till Ericsson F800<\/figcaption><\/figure>\n\n\n\n<p><\/p>\n\n\n\n<figure class=\"wp-block-image size-full\"><a href=\"https:\/\/radioinorr.se\/wp-content\/uploads\/2024\/11\/bild-4.png\"><img loading=\"lazy\" decoding=\"async\" width=\"525\" height=\"700\" src=\"https:\/\/radioinorr.se\/wp-content\/uploads\/2024\/11\/bild-4-edited.png\" alt=\"\" class=\"wp-image-564\" srcset=\"https:\/\/radioinorr.se\/wp-content\/uploads\/2024\/11\/bild-4-edited.png 525w, https:\/\/radioinorr.se\/wp-content\/uploads\/2024\/11\/bild-4-edited-225x300.png 225w\" sizes=\"auto, (max-width: 525px) 100vw, 525px\" \/><\/a><figcaption class=\"wp-element-caption\">RTC Klocka f\u00f6r \u00c4ldre Pi Enheter <\/figcaption><\/figure>\n\n\n\n<figure class=\"wp-block-image size-full wp-container-content-5e2576f9\"><a href=\"https:\/\/radioinorr.se\/wp-content\/uploads\/2024\/11\/bild-6.png\"><img loading=\"lazy\" decoding=\"async\" width=\"524\" height=\"699\" src=\"https:\/\/radioinorr.se\/wp-content\/uploads\/2024\/11\/bild-6-edited.png\" alt=\"\" class=\"wp-image-563\" srcset=\"https:\/\/radioinorr.se\/wp-content\/uploads\/2024\/11\/bild-6-edited.png 524w, https:\/\/radioinorr.se\/wp-content\/uploads\/2024\/11\/bild-6-edited-225x300.png 225w\" sizes=\"auto, (max-width: 524px) 100vw, 524px\" \/><\/a><figcaption class=\"wp-element-caption\">ADC m\u00e4tmodul klara sp\u00e4nningar upp till 24V, 10\/1 i m\u00e4tomr\u00e5de<\/figcaption><\/figure>\n<\/div>\n\n\n\n<h2 class=\"wp-block-heading\">\u00d6vrigt<\/h2>\n\n\n\n<hr class=\"wp-block-separator has-css-opacity\"\/>\n\n\n<ul class=\"wp-block-latest-posts__list wp-block-latest-posts\"><li><a class=\"wp-block-latest-posts__post-title\" href=\"https:\/\/radioinorr.se\/?p=422\">Eriksson F800 Backplane adapter<\/a><\/li>\n<li><a class=\"wp-block-latest-posts__post-title\" href=\"https:\/\/radioinorr.se\/?p=407\">MTR2000 konfiguration<\/a><\/li>\n<\/ul>\n\n\n<p><\/p>\n","protected":false},"excerpt":{"rendered":"<p>Funktioner RJ45 Radio port 1 PTT &#8221;Active low&#8221; 2 COR in max 15v 3 5v 4 COR DIFF &#8211; 5&hellip;<\/p>\n","protected":false},"author":1,"featured_media":0,"parent":0,"menu_order":0,"comment_status":"closed","ping_status":"closed","template":"","meta":{"footnotes":""},"class_list":["post-377","page","type-page","status-publish","hentry"],"_links":{"self":[{"href":"https:\/\/radioinorr.se\/index.php?rest_route=\/wp\/v2\/pages\/377","targetHints":{"allow":["GET"]}}],"collection":[{"href":"https:\/\/radioinorr.se\/index.php?rest_route=\/wp\/v2\/pages"}],"about":[{"href":"https:\/\/radioinorr.se\/index.php?rest_route=\/wp\/v2\/types\/page"}],"author":[{"embeddable":true,"href":"https:\/\/radioinorr.se\/index.php?rest_route=\/wp\/v2\/users\/1"}],"replies":[{"embeddable":true,"href":"https:\/\/radioinorr.se\/index.php?rest_route=%2Fwp%2Fv2%2Fcomments&post=377"}],"version-history":[{"count":79,"href":"https:\/\/radioinorr.se\/index.php?rest_route=\/wp\/v2\/pages\/377\/revisions"}],"predecessor-version":[{"id":1251,"href":"https:\/\/radioinorr.se\/index.php?rest_route=\/wp\/v2\/pages\/377\/revisions\/1251"}],"wp:attachment":[{"href":"https:\/\/radioinorr.se\/index.php?rest_route=%2Fwp%2Fv2%2Fmedia&parent=377"}],"curies":[{"name":"wp","href":"https:\/\/api.w.org\/{rel}","templated":true}]}}